{"id":220,"date":"2019-11-26T00:02:50","date_gmt":"2019-11-25T23:02:50","guid":{"rendered":"https:\/\/kwiatyi.pl\/?page_id=220"},"modified":"2022-01-09T18:48:58","modified_gmt":"2022-01-09T17:48:58","slug":"bukiety-i-kompozycje-kwiatowe","status":"publish","type":"page","link":"https:\/\/kwiatyi.pl\/index.php\/bukiety-i-kompozycje-kwiatowe\/","title":{"rendered":"Bukiety i kompozycje kwiatowe"},"content":{"rendered":"<p>[et_pb_section fb_built=&#8221;1&#8243; admin_label=&#8221;Hero Section&#8221; _builder_version=&#8221;4.0.3&#8243; background_color=&#8221;#dfe0e5&#8243; background_color_gradient_direction=&#8221;90deg&#8221; custom_margin=&#8221;|||&#8221; custom_padding=&#8221;110px|0px|110px|0px&#8221;][et_pb_row use_custom_gutter=&#8221;on&#8221; gutter_width=&#8221;1&#8243; custom_padding_last_edited=&#8221;off|desktop&#8221; admin_label=&#8221;Hero Area&#8221; _builder_version=&#8221;4.0.3&#8243; module_alignment=&#8221;center&#8221; custom_padding=&#8221;27px|0px|0px|0px&#8221;][et_pb_column type=&#8221;4_4&#8243; _builder_version=&#8221;3.25&#8243; custom_padding=&#8221;|||&#8221; custom_padding__hover=&#8221;|||&#8221;][et_pb_text admin_label=&#8221;Hero Title&#8221; _builder_version=&#8221;4.9.1&#8243; text_font=&#8221;Playfair Display||||||||&#8221; text_text_color=&#8221;#3a3a3a&#8221; text_font_size=&#8221;46px&#8221; text_line_height=&#8221;2em&#8221; header_font=&#8221;Alice||||||||&#8221; header_font_size=&#8221;80px&#8221; header_letter_spacing=&#8221;-3px&#8221; header_line_height=&#8221;1.1em&#8221; text_orientation=&#8221;center&#8221; min_height=&#8221;41px&#8221; custom_margin=&#8221;-100px||26px||false|false&#8221; custom_padding=&#8221;|||&#8221; animation_style=&#8221;slide&#8221; animation_direction=&#8221;left&#8221; animation_intensity_slide=&#8221;5%&#8221; animation_starting_opacity=&#8221;100%&#8221; text_font_size_last_edited=&#8221;off|desktop&#8221; header_font_size_tablet=&#8221;&#8221; header_font_size_phone=&#8221;60px&#8221; header_font_size_last_edited=&#8221;on|phone&#8221; content__hover_enabled=&#8221;on|desktop&#8221;]Bukiety i kompozycje kwiatowe [\/et_pb_text][et_pb_gallery gallery_ids=&#8221;224,225,226,227,228,229,230,231,232,233,234,235,236,237,223&#8243; posts_number=&#8221;12&#8243; show_title_and_caption=&#8221;off&#8221; show_pagination=&#8221;off&#8221; hover_icon=&#8221;%%32%%&#8221; _builder_version=&#8221;4.0.3&#8243; pagination_font=&#8221;Playfair Display||||||||&#8221; pagination_text_align=&#8221;center&#8221; pagination_text_color=&#8221;#ffffff&#8221; pagination_font_size=&#8221;100px&#8221; background_color=&#8221;rgba(0,0,0,0)&#8221; text_orientation=&#8221;center&#8221; background_layout=&#8221;dark&#8221; width=&#8221;96.9%&#8221; module_alignment=&#8221;center&#8221; min_height=&#8221;35px&#8221; custom_margin=&#8221;|0px|||false|false&#8221; custom_padding=&#8221;|0px|||false|false&#8221; child_filter_contrast=&#8221;91%&#8221; animation_style=&#8221;flip&#8221; background_layout_tablet=&#8221;&#8221; background_layout_phone=&#8221;&#8221; background_layout_last_edited=&#8221;on|desktop&#8221; pagination_text_shadow_style=&#8221;preset1&#8243; pagination_text_shadow_color=&#8221;#ffffff&#8221; text_shadow_style=&#8221;preset1&#8243; text_shadow_horizontal_length=&#8221;2em&#8221; text_shadow_blur_strength=&#8221;1.7em&#8221; text_shadow_color=&#8221;#ffffff&#8221;][\/et_pb_gallery][et_pb_text content_tablet=&#8221;&#8221; content_phone=&#8221;<\/p>\n<p style=%22width:300px;%22>Nasza wyobra\u017ania nie zna granic zatem codziennie, od r\u0119ki znajdziecie u nas bukiety, kt\u00f3re stworzyli\u015bmy pod wp\u0142ywem aktualnej aury, nastroju czy po prostu z tego co najlepsze mia\u0142a do zaoferowania nam poranna dostawa. W sam raz na urodziny, imieniny, rocznic\u0119, chrzciny, komuni\u0119 czy b\u0119d\u0105ce gestem przeprosin czy podzi\u0119kowa\u0144. Przygotujemy dla Was bukiet idealny na ka\u017cd\u0105 okazj\u0119. Kwiaty wybierzemy zgodnie z Waszymi preferencjami oraz bud\u017cetem. Zam\u00f3wienia dokonacie na miejscu w naszych sklepach, telefonicznie lub mailowo.<\/p>\n<p style=%22width:300px;%22>Specjalne zam\u00f3wienia ch\u0119tnie realizujemy z jedno- b\u0105d\u017a kilku- dniowym wyprzedzeniem. W ten spos\u00f3b dbamy o to, aby Wasz bukiet by\u0142 idealny i dostosowany do Waszych potrzeb.<\/p>\n<p style=%22width:300px;%22>Zajmujemy si\u0119 r\u00f3wnie\u017c obs\u0142ug\u0105 florystyczn\u0105 firm i klient\u00f3w biznesowych. Specjalizujemy si\u0119 w dekoracje kwiatowych na eventach, prezentacjach firmowych oraz przygotowujemy elementy dekoracyjne do wysy\u0142ek kreatywnych. Do tej pory wsp\u00f3\u0142pracowali\u015bmy z wydawnictwami, telewizj\u0105, teatrami, markami wn\u0119trzarskimi, firmami z bran\u017cy gastronomicznej i nieruchomo\u015bci.<\/p>\n<p>&#8221; content_last_edited=&#8221;on|phone&#8221; _builder_version=&#8221;4.0.3&#8243; text_font=&#8221;||||||||&#8221; text_font_size=&#8221;18px&#8221; text_line_height=&#8221;1.8em&#8221; header_font=&#8221;||||||||&#8221; max_width=&#8221;1006px&#8221; min_height=&#8221;393px&#8221; custom_margin=&#8221;50px|-462px||4px|false|false&#8221; custom_padding=&#8221;||10px|9px||&#8221; animation_style=&#8221;slide&#8221; animation_direction=&#8221;left&#8221; animation_intensity_slide=&#8221;5%&#8221; animation_starting_opacity=&#8221;100%&#8221;]<\/p>\n<p>Nasza wyobra\u017ania nie zna granic zatem codziennie, od r\u0119ki znajdziecie u nas bukiety, kt\u00f3re stworzyli\u015bmy pod wp\u0142ywem aktualnej aury, nastroju czy po prostu z tego co najlepsze mia\u0142a do zaoferowania nam poranna dostawa. W sam raz na urodziny, imieniny, rocznic\u0119, chrzciny, komuni\u0119 czy b\u0119d\u0105ce gestem przeprosin czy podzi\u0119kowa\u0144. Przygotujemy dla Was bukiet idealny na ka\u017cd\u0105 okazj\u0119. Kwiaty wybierzemy zgodnie z Waszymi preferencjami oraz bud\u017cetem. Zam\u00f3wienia dokonacie na miejscu w naszych sklepach, telefonicznie lub mailowo.<\/p>\n<p>Specjalne zam\u00f3wienia ch\u0119tnie realizujemy z jedno- b\u0105d\u017a kilku- dniowym wyprzedzeniem. W ten spos\u00f3b dbamy o to, aby Wasz bukiet by\u0142 idealny i dostosowany do Waszych potrzeb.<\/p>\n<p>Zajmujemy si\u0119 r\u00f3wnie\u017c obs\u0142ug\u0105 florystyczn\u0105 firm i klient\u00f3w biznesowych. Specjalizujemy si\u0119 w dekoracje kwiatowych na eventach, prezentacjach firmowych oraz przygotowujemy elementy dekoracyjne do wysy\u0142ek kreatywnych. <br \/>Do tej pory wsp\u00f3\u0142pracowali\u015bmy z wydawnictwami, telewizj\u0105, teatrami, markami wn\u0119trzarskimi, firmami z bran\u017cy gastronomicznej i nieruchomo\u015bci.<\/p>\n<p>[\/et_pb_text][\/et_pb_column][\/et_pb_row][et_pb_row admin_label=&#8221;Title Area&#8221; module_id=&#8221;formularz&#8221; _builder_version=&#8221;4.0.3&#8243; locked=&#8221;off&#8221;][et_pb_column type=&#8221;4_4&#8243; _builder_version=&#8221;3.25&#8243; custom_padding=&#8221;|||&#8221; custom_padding__hover=&#8221;|||&#8221;][et_pb_text admin_label=&#8221;Title&#8221; _builder_version=&#8221;4.0.3&#8243; text_font=&#8221;||||||||&#8221; header_font=&#8221;||||||||&#8221; header_2_font=&#8221;Alice||||||||&#8221; header_2_text_align=&#8221;center&#8221; header_2_font_size=&#8221;42px&#8221; header_2_line_height=&#8221;1.3em&#8221; custom_margin=&#8221;||20px|&#8221; animation_style=&#8221;slide&#8221; animation_direction=&#8221;top&#8221; animation_intensity_slide=&#8221;30%&#8221; animation_starting_opacity=&#8221;100%&#8221;]<\/p>\n<h2>Zam\u00f3w kompozycj\u0119 kwiatow\u0105<\/h2>\n<p>[\/et_pb_text][et_pb_divider color=&#8221;#2a2a2a&#8221; divider_weight=&#8221;3px&#8221; _builder_version=&#8221;3.2&#8243; max_width=&#8221;50px&#8221; module_alignment=&#8221;center&#8221; custom_margin=&#8221;||10px|&#8221; animation_style=&#8221;slide&#8221; animation_direction=&#8221;top&#8221; animation_intensity_slide=&#8221;30%&#8221; animation_starting_opacity=&#8221;100%&#8221;][\/et_pb_divider][et_pb_text admin_label=&#8221;Subtitle&#8221; _builder_version=&#8221;4.0.3&#8243; text_font=&#8221;||||||||&#8221; text_font_size=&#8221;16px&#8221; text_line_height=&#8221;1.8em&#8221; text_orientation=&#8221;center&#8221; max_width=&#8221;700px&#8221; module_alignment=&#8221;center&#8221; animation_style=&#8221;slide&#8221; animation_direction=&#8221;top&#8221; animation_intensity_slide=&#8221;20%&#8221; animation_starting_opacity=&#8221;100%&#8221;]<\/p>\n<p>U nas zam\u00f3wisz swoj\u0105 wymarzon\u0105, niepowtarzaln\u0105 kompozycj\u0119 kwiatow\u0105. Skontaktuj si\u0119<br \/>z nami, by om\u00f3wi\u0107 szczeg\u00f3\u0142y i pozna\u0107 wycen\u0119.<\/p>\n<p>[\/et_pb_text][\/et_pb_column][\/et_pb_row][et_pb_row _builder_version=&#8221;4.9.1&#8243; _module_preset=&#8221;default&#8221;][et_pb_column type=&#8221;4_4&#8243; _builder_version=&#8221;4.9.1&#8243; _module_preset=&#8221;default&#8221;][et_pb_contact_form captcha=&#8221;off&#8221; email=&#8221;kontakt@kwiatyi.pl&#8221; title=&#8221;NOWE ZAM\u00d3WIENIE&#8221; custom_message=&#8221;Imi\u0119: %%Name%%||et_pb_line_break_holder||Nazwisko: %%Surname%%||et_pb_line_break_holder||Email: %%Email%%||et_pb_line_break_holder||Telefon: %%telefon_2%%||et_pb_line_break_holder||Data realizacji: %%pa-date-time-picker%%||et_pb_line_break_holder||Okazja: %%okazja_2%%||et_pb_line_break_holder||Kwiaty bazowe: %%kwiaty_bazowe%%||et_pb_line_break_holder||Kolorystyka: %%kolory%%||et_pb_line_break_holder||Rodzaj kompozycji: %%forma%%||et_pb_line_break_holder||Dodatkowe informacje: %%informacje%%||et_pb_line_break_holder||Opcja dor\u0119czenia: %%dostawa%%||et_pb_line_break_holder||Nazwa firmy: %%firma%%||et_pb_line_break_holder||Ulica: %%ulica%%||et_pb_line_break_holder||Numer budynku: %%nr_budynku%%||et_pb_line_break_holder||Numer lokalu: %%nr_lokalu%%||et_pb_line_break_holder||Kod pocztowy: %%kod_pocztowy%%||et_pb_line_break_holder||Miejscowo\u015b\u0107: %%miejscowosc%%&#8221; success_message=&#8221;Dzi\u0119kujemy za wiadomo\u015b\u0107. Skontaktujemy si\u0119 z Tob\u0105 najszybciej jak to mo\u017cliwe w celu finalizacji zam\u00f3wienia.&#8221; submit_button_text=&#8221;wy\u015blij&#8221; module_id=&#8221;et_pb_contact_form_0&#8243; _builder_version=&#8221;4.9.2&#8243; hover_enabled=&#8221;0&#8243; form_background_color=&#8221;rgba(255,255,255,0)&#8221; button_text_color_hover=&#8221;#2a2a2a&#8221; button_bg_color_hover=&#8221;#e0c588&#8243; button_border_color_hover=&#8221;#e0c588&#8243; button_border_radius_hover=&#8221;30px&#8221; button_letter_spacing_hover=&#8221;2px&#8221; sticky_enabled=&#8221;0&#8243;][et_pb_contact_field field_id=&#8221;Name&#8221; field_title=&#8221;Imi\u0119&#8221; _builder_version=&#8221;4.0.3&#8243; background_color=&#8221;rgba(0,0,0,0)&#8221; background_enable_color=&#8221;on&#8221; button_text_size__hover_enabled=&#8221;off&#8221; button_one_text_size__hover_enabled=&#8221;off&#8221; button_two_text_size__hover_enabled=&#8221;off&#8221; button_text_color__hover_enabled=&#8221;off&#8221; button_one_text_color__hover_enabled=&#8221;off&#8221; button_two_text_color__hover_enabled=&#8221;off&#8221; button_border_width__hover_enabled=&#8221;off&#8221; button_one_border_width__hover_enabled=&#8221;off&#8221; button_two_border_width__hover_enabled=&#8221;off&#8221; button_border_color__hover_enabled=&#8221;off&#8221; button_one_border_color__hover_enabled=&#8221;off&#8221; button_two_border_color__hover_enabled=&#8221;off&#8221; button_border_radius__hover_enabled=&#8221;off&#8221; button_one_border_radius__hover_enabled=&#8221;off&#8221; button_two_border_radius__hover_enabled=&#8221;off&#8221; button_letter_spacing__hover_enabled=&#8221;off&#8221; button_one_letter_spacing__hover_enabled=&#8221;off&#8221; button_two_letter_spacing__hover_enabled=&#8221;off&#8221; button_bg_color__hover_enabled=&#8221;off&#8221; button_one_bg_color__hover_enabled=&#8221;off&#8221; button_two_bg_color__hover_enabled=&#8221;off&#8221;][\/et_pb_contact_field][et_pb_contact_field field_id=&#8221;Surname&#8221; field_title=&#8221;Nazwisko&#8221; _builder_version=&#8221;4.9.1&#8243; background_color=&#8221;rgba(0,0,0,0)&#8221; background_enable_color=&#8221;on&#8221; button_text_size__hover_enabled=&#8221;off&#8221; button_one_text_size__hover_enabled=&#8221;off&#8221; button_two_text_size__hover_enabled=&#8221;off&#8221; button_text_color__hover_enabled=&#8221;off&#8221; button_one_text_color__hover_enabled=&#8221;off&#8221; button_two_text_color__hover_enabled=&#8221;off&#8221; button_border_width__hover_enabled=&#8221;off&#8221; button_one_border_width__hover_enabled=&#8221;off&#8221; button_two_border_width__hover_enabled=&#8221;off&#8221; button_border_color__hover_enabled=&#8221;off&#8221; button_one_border_color__hover_enabled=&#8221;off&#8221; button_two_border_color__hover_enabled=&#8221;off&#8221; button_border_radius__hover_enabled=&#8221;off&#8221; button_one_border_radius__hover_enabled=&#8221;off&#8221; button_two_border_radius__hover_enabled=&#8221;off&#8221; button_letter_spacing__hover_enabled=&#8221;off&#8221; button_one_letter_spacing__hover_enabled=&#8221;off&#8221; button_two_letter_spacing__hover_enabled=&#8221;off&#8221; button_bg_color__hover_enabled=&#8221;off&#8221; button_one_bg_color__hover_enabled=&#8221;off&#8221; button_two_bg_color__hover_enabled=&#8221;off&#8221;][\/et_pb_contact_field][et_pb_contact_field field_id=&#8221;Email&#8221; field_title=&#8221;E-mail&#8221; field_type=&#8221;email&#8221; _builder_version=&#8221;4.9.1&#8243; button_text_size__hover_enabled=&#8221;off&#8221; button_one_text_size__hover_enabled=&#8221;off&#8221; button_two_text_size__hover_enabled=&#8221;off&#8221; button_text_color__hover_enabled=&#8221;off&#8221; button_one_text_color__hover_enabled=&#8221;off&#8221; button_two_text_color__hover_enabled=&#8221;off&#8221; button_border_width__hover_enabled=&#8221;off&#8221; button_one_border_width__hover_enabled=&#8221;off&#8221; button_two_border_width__hover_enabled=&#8221;off&#8221; button_border_color__hover_enabled=&#8221;off&#8221; button_one_border_color__hover_enabled=&#8221;off&#8221; button_two_border_color__hover_enabled=&#8221;off&#8221; button_border_radius__hover_enabled=&#8221;off&#8221; button_one_border_radius__hover_enabled=&#8221;off&#8221; button_two_border_radius__hover_enabled=&#8221;off&#8221; button_letter_spacing__hover_enabled=&#8221;off&#8221; button_one_letter_spacing__hover_enabled=&#8221;off&#8221; button_two_letter_spacing__hover_enabled=&#8221;off&#8221; button_bg_color__hover_enabled=&#8221;off&#8221; button_one_bg_color__hover_enabled=&#8221;off&#8221; button_two_bg_color__hover_enabled=&#8221;off&#8221;][\/et_pb_contact_field][et_pb_contact_field field_id=&#8221;telefon_2&#8243; field_title=&#8221;Telefon&#8221; allowed_symbols=&#8221;numbers&#8221; required_mark=&#8221;off&#8221; _builder_version=&#8221;4.9.1&#8243; button_text_size__hover_enabled=&#8221;off&#8221; button_one_text_size__hover_enabled=&#8221;off&#8221; button_two_text_size__hover_enabled=&#8221;off&#8221; button_text_color__hover_enabled=&#8221;off&#8221; button_one_text_color__hover_enabled=&#8221;off&#8221; button_two_text_color__hover_enabled=&#8221;off&#8221; button_border_width__hover_enabled=&#8221;off&#8221; button_one_border_width__hover_enabled=&#8221;off&#8221; button_two_border_width__hover_enabled=&#8221;off&#8221; button_border_color__hover_enabled=&#8221;off&#8221; button_one_border_color__hover_enabled=&#8221;off&#8221; button_two_border_color__hover_enabled=&#8221;off&#8221; button_border_radius__hover_enabled=&#8221;off&#8221; button_one_border_radius__hover_enabled=&#8221;off&#8221; button_two_border_radius__hover_enabled=&#8221;off&#8221; button_letter_spacing__hover_enabled=&#8221;off&#8221; button_one_letter_spacing__hover_enabled=&#8221;off&#8221; button_two_letter_spacing__hover_enabled=&#8221;off&#8221; button_bg_color__hover_enabled=&#8221;off&#8221; button_one_bg_color__hover_enabled=&#8221;off&#8221; button_two_bg_color__hover_enabled=&#8221;off&#8221;][\/et_pb_contact_field][et_pb_contact_field field_id=&#8221;pa-date-time-picker&#8221; field_title=&#8221;Data realizacji&#8221; _builder_version=&#8221;4.9.1&#8243; _module_preset=&#8221;default&#8221;][\/et_pb_contact_field][et_pb_contact_field field_id=&#8221;okazja_2&#8243; field_title=&#8221;Okazja&#8221; required_mark=&#8221;off&#8221; _builder_version=&#8221;4.9.1&#8243; button_text_size__hover_enabled=&#8221;off&#8221; button_one_text_size__hover_enabled=&#8221;off&#8221; button_two_text_size__hover_enabled=&#8221;off&#8221; button_text_color__hover_enabled=&#8221;off&#8221; button_one_text_color__hover_enabled=&#8221;off&#8221; button_two_text_color__hover_enabled=&#8221;off&#8221; button_border_width__hover_enabled=&#8221;off&#8221; button_one_border_width__hover_enabled=&#8221;off&#8221; button_two_border_width__hover_enabled=&#8221;off&#8221; button_border_color__hover_enabled=&#8221;off&#8221; button_one_border_color__hover_enabled=&#8221;off&#8221; button_two_border_color__hover_enabled=&#8221;off&#8221; button_border_radius__hover_enabled=&#8221;off&#8221; button_one_border_radius__hover_enabled=&#8221;off&#8221; button_two_border_radius__hover_enabled=&#8221;off&#8221; button_letter_spacing__hover_enabled=&#8221;off&#8221; button_one_letter_spacing__hover_enabled=&#8221;off&#8221; button_two_letter_spacing__hover_enabled=&#8221;off&#8221; button_bg_color__hover_enabled=&#8221;off&#8221; button_one_bg_color__hover_enabled=&#8221;off&#8221; button_two_bg_color__hover_enabled=&#8221;off&#8221;][\/et_pb_contact_field][et_pb_contact_field field_id=&#8221;kwiaty_bazowe&#8221; field_title=&#8221;Kwiaty bazowe&#8221; field_type=&#8221;select&#8221; select_options=&#8221;%91{%22value%22:%22tulipany%22,%22checked%22:0,%22dragID%22:-1},{%22value%22:%22r\u00f3\u017ce%22,%22checked%22:0,%22dragID%22:0},{%22dragID%22:1,%22value%22:%22lilie%22,%22checked%22:0},{%22value%22:%22go\u017adziki%22,%22checked%22:0,%22dragID%22:2},{%22value%22:%22eustoma%22,%22checked%22:0,%22dragID%22:3},{%22value%22:%22gerbera%22,%22checked%22:0,%22dragID%22:4},{%22value%22:%22inne (wpisz w polu %92%22dodatkowe informacje%92%22)%22,%22checked%22:0,%22dragID%22:5}%93&#8243; required_mark=&#8221;off&#8221; _builder_version=&#8221;4.9.1&#8243; background_color=&#8221;rgba(0,0,0,0)&#8221; background_enable_color=&#8221;on&#8221; button_text_size__hover_enabled=&#8221;off&#8221; button_one_text_size__hover_enabled=&#8221;off&#8221; button_two_text_size__hover_enabled=&#8221;off&#8221; button_text_color__hover_enabled=&#8221;off&#8221; button_one_text_color__hover_enabled=&#8221;off&#8221; button_two_text_color__hover_enabled=&#8221;off&#8221; button_border_width__hover_enabled=&#8221;off&#8221; button_one_border_width__hover_enabled=&#8221;off&#8221; button_two_border_width__hover_enabled=&#8221;off&#8221; button_border_color__hover_enabled=&#8221;off&#8221; button_one_border_color__hover_enabled=&#8221;off&#8221; button_two_border_color__hover_enabled=&#8221;off&#8221; button_border_radius__hover_enabled=&#8221;off&#8221; button_one_border_radius__hover_enabled=&#8221;off&#8221; button_two_border_radius__hover_enabled=&#8221;off&#8221; button_letter_spacing__hover_enabled=&#8221;off&#8221; button_one_letter_spacing__hover_enabled=&#8221;off&#8221; button_two_letter_spacing__hover_enabled=&#8221;off&#8221; button_bg_color__hover_enabled=&#8221;off&#8221; button_one_bg_color__hover_enabled=&#8221;off&#8221; button_two_bg_color__hover_enabled=&#8221;off&#8221;][\/et_pb_contact_field][et_pb_contact_field field_id=&#8221;kolory&#8221; field_title=&#8221;Paleta kolorystyczna&#8221; required_mark=&#8221;off&#8221; _builder_version=&#8221;4.9.1&#8243; button_text_size__hover_enabled=&#8221;off&#8221; button_one_text_size__hover_enabled=&#8221;off&#8221; button_two_text_size__hover_enabled=&#8221;off&#8221; button_text_color__hover_enabled=&#8221;off&#8221; button_one_text_color__hover_enabled=&#8221;off&#8221; button_two_text_color__hover_enabled=&#8221;off&#8221; button_border_width__hover_enabled=&#8221;off&#8221; button_one_border_width__hover_enabled=&#8221;off&#8221; button_two_border_width__hover_enabled=&#8221;off&#8221; button_border_color__hover_enabled=&#8221;off&#8221; button_one_border_color__hover_enabled=&#8221;off&#8221; button_two_border_color__hover_enabled=&#8221;off&#8221; button_border_radius__hover_enabled=&#8221;off&#8221; button_one_border_radius__hover_enabled=&#8221;off&#8221; button_two_border_radius__hover_enabled=&#8221;off&#8221; button_letter_spacing__hover_enabled=&#8221;off&#8221; button_one_letter_spacing__hover_enabled=&#8221;off&#8221; button_two_letter_spacing__hover_enabled=&#8221;off&#8221; button_bg_color__hover_enabled=&#8221;off&#8221; button_one_bg_color__hover_enabled=&#8221;off&#8221; button_two_bg_color__hover_enabled=&#8221;off&#8221;][\/et_pb_contact_field][et_pb_contact_field field_id=&#8221;forma&#8221; field_title=&#8221;Rodzaj kompozycji&#8221; field_type=&#8221;select&#8221; select_options=&#8221;%91{%22value%22:%22bukiet%22,%22checked%22:0,%22dragID%22:-1},{%22value%22:%22kompozycja w koszu%22,%22checked%22:0,%22dragID%22:0},{%22value%22:%22kompozycja w naczyniu%22,%22checked%22:0,%22dragID%22:1},{%22value%22:%22kompozycja w pude\u0142ku%22,%22checked%22:0,%22dragID%22:2}%93&#8243; required_mark=&#8221;off&#8221; fullwidth_field=&#8221;on&#8221; _builder_version=&#8221;4.9.1&#8243;][\/et_pb_contact_field][et_pb_contact_field field_id=&#8221;informacje&#8221; field_title=&#8221;Dodatkowe informacje&#8221; required_mark=&#8221;off&#8221; fullwidth_field=&#8221;on&#8221; _builder_version=&#8221;4.9.1&#8243;][\/et_pb_contact_field][et_pb_contact_field field_id=&#8221;dostawa&#8221; field_title=&#8221;Opcje dor\u0119czenia&#8221; field_type=&#8221;checkbox&#8221; checkbox_options=&#8221;%91{%22value%22:%22Odbi\u00f3r osobisty, Kwiaciarnia Warszawa Targ\u00f3wek, Galeria Renova, ul. Rembieli\u0144ska 20%22,%22checked%22:0,%22dragID%22:0},{%22value%22:%22Dostawa pod wskazany adres%22,%22checked%22:0,%22dragID%22:1}%93&#8243; fullwidth_field=&#8221;on&#8221; _builder_version=&#8221;4.9.2&#8243; _module_preset=&#8221;default&#8221; hover_enabled=&#8221;0&#8243; sticky_enabled=&#8221;0&#8243;][\/et_pb_contact_field][et_pb_contact_field field_id=&#8221;firma&#8221; field_title=&#8221;Nazwa firmy (opcjonalnie)&#8221; required_mark=&#8221;off&#8221; fullwidth_field=&#8221;on&#8221; conditional_logic=&#8221;on&#8221; conditional_logic_rules=&#8221;%91{%22field%22:%22dostawa%22,%22condition%22:%22is%22,%22value%22:%22Dostawa pod wskazany adres%22}%93&#8243; _builder_version=&#8221;4.9.1&#8243; _module_preset=&#8221;default&#8221;][\/et_pb_contact_field][et_pb_contact_field field_id=&#8221;ulica&#8221; field_title=&#8221;Ulica&#8221; fullwidth_field=&#8221;on&#8221; conditional_logic=&#8221;on&#8221; conditional_logic_rules=&#8221;%91{%22field%22:%22dostawa%22,%22condition%22:%22is%22,%22value%22:%22Dostawa pod wskazany adres%22}%93&#8243; _builder_version=&#8221;4.9.1&#8243; _module_preset=&#8221;default&#8221;][\/et_pb_contact_field][et_pb_contact_field field_id=&#8221;nr_budynku&#8221; field_title=&#8221;Numer budynku&#8221; conditional_logic=&#8221;on&#8221; conditional_logic_rules=&#8221;%91{%22field%22:%22dostawa%22,%22condition%22:%22is%22,%22value%22:%22Dostawa pod wskazany adres%22}%93&#8243; _builder_version=&#8221;4.9.1&#8243; _module_preset=&#8221;default&#8221;][\/et_pb_contact_field][et_pb_contact_field field_id=&#8221;nr_lokalu&#8221; field_title=&#8221;Numer lokalu (opcjonalne)&#8221; required_mark=&#8221;off&#8221; conditional_logic=&#8221;on&#8221; conditional_logic_rules=&#8221;%91{%22field%22:%22dostawa%22,%22condition%22:%22is%22,%22value%22:%22Dostawa pod wskazany adres%22}%93&#8243; _builder_version=&#8221;4.9.1&#8243; _module_preset=&#8221;default&#8221;][\/et_pb_contact_field][et_pb_contact_field field_id=&#8221;kod_pocztowy&#8221; field_title=&#8221;Kod pocztowy&#8221; conditional_logic=&#8221;on&#8221; conditional_logic_rules=&#8221;%91{%22field%22:%22dostawa%22,%22condition%22:%22is%22,%22value%22:%22Dostawa pod wskazany adres%22}%93&#8243; _builder_version=&#8221;4.9.1&#8243; _module_preset=&#8221;default&#8221;][\/et_pb_contact_field][et_pb_contact_field field_id=&#8221;miejscowosc&#8221; field_title=&#8221;Miejscowo\u015b\u0107&#8221; conditional_logic=&#8221;on&#8221; conditional_logic_rules=&#8221;%91{%22field%22:%22dostawa%22,%22condition%22:%22is%22,%22value%22:%22Dostawa pod wskazany adres%22}%93&#8243; _builder_version=&#8221;4.9.1&#8243; _module_preset=&#8221;default&#8221;][\/et_pb_contact_field][\/et_pb_contact_form][\/et_pb_column][\/et_pb_row][\/et_pb_section]<\/p>\n","protected":false},"excerpt":{"rendered":"<p>Bukiety i kompozycje kwiatowe Nasza wyobra\u017ania nie zna granic zatem codziennie, od r\u0119ki znajdziecie u nas bukiety, kt\u00f3re stworzyli\u015bmy pod wp\u0142ywem aktualnej aury, nastroju czy po prostu z tego co najlepsze mia\u0142a do zaoferowania nam poranna dostawa. W sam raz na urodziny, imieniny, rocznic\u0119, chrzciny, komuni\u0119 czy b\u0119d\u0105ce gestem przeprosin czy podzi\u0119kowa\u0144. Przygotujemy dla Was [&hellip;]<\/p>\n","protected":false},"author":1,"featured_media":0,"parent":0,"menu_order":0,"comment_status":"closed","ping_status":"closed","template":"","meta":{"_et_pb_use_builder":"on","_et_pb_old_content":"","_et_gb_content_width":""},"_links":{"self":[{"href":"https:\/\/kwiatyi.pl\/index.php\/wp-json\/wp\/v2\/pages\/220"}],"collection":[{"href":"https:\/\/kwiatyi.pl\/index.php\/wp-json\/wp\/v2\/pages"}],"about":[{"href":"https:\/\/kwiatyi.pl\/index.php\/wp-json\/wp\/v2\/types\/page"}],"author":[{"embeddable":true,"href":"https:\/\/kwiatyi.pl\/index.php\/wp-json\/wp\/v2\/users\/1"}],"replies":[{"embeddable":true,"href":"https:\/\/kwiatyi.pl\/index.php\/wp-json\/wp\/v2\/comments?post=220"}],"version-history":[{"count":0,"href":"https:\/\/kwiatyi.pl\/index.php\/wp-json\/wp\/v2\/pages\/220\/revisions"}],"wp:attachment":[{"href":"https:\/\/kwiatyi.pl\/index.php\/wp-json\/wp\/v2\/media?parent=220"}],"curies":[{"name":"wp","href":"https:\/\/api.w.org\/{rel}","templated":true}]}}