{"id":172,"date":"2019-11-25T00:26:39","date_gmt":"2019-11-24T23:26:39","guid":{"rendered":"https:\/\/kwiatyi.pl\/?page_id=172"},"modified":"2022-01-09T18:34:05","modified_gmt":"2022-01-09T17:34:05","slug":"172-2","status":"publish","type":"page","link":"https:\/\/kwiatyi.pl\/index.php\/172-2\/","title":{"rendered":"Kontakt"},"content":{"rendered":"<p>[et_pb_section fb_built=&#8221;1&#8243; admin_label=&#8221;Hero Section&#8221; _builder_version=&#8221;4.0.3&#8243; background_color=&#8221;#e4e0dd&#8221; background_color_gradient_direction=&#8221;90deg&#8221; min_height=&#8221;273px&#8221; custom_margin=&#8221;|||&#8221; custom_padding=&#8221;110px|0px|99px|0px||&#8221;][et_pb_row custom_padding_last_edited=&#8221;off|desktop&#8221; admin_label=&#8221;Hero Area&#8221; _builder_version=&#8221;3.25&#8243; custom_padding=&#8221;27px|0px|0px|0px&#8221;][et_pb_column type=&#8221;4_4&#8243; _builder_version=&#8221;3.25&#8243; custom_padding=&#8221;|||&#8221; custom_padding__hover=&#8221;|||&#8221;][et_pb_text admin_label=&#8221;Hero Title&#8221; _builder_version=&#8221;3.27.4&#8243; text_font=&#8221;Playfair Display||||||||&#8221; header_font=&#8221;Alice||||||||&#8221; header_font_size=&#8221;80px&#8221; header_letter_spacing=&#8221;-3px&#8221; header_line_height=&#8221;1.1em&#8221; custom_margin=&#8221;||0px|&#8221; custom_padding=&#8221;|||&#8221; animation_style=&#8221;slide&#8221; animation_direction=&#8221;left&#8221; animation_intensity_slide=&#8221;5%&#8221; animation_starting_opacity=&#8221;100%&#8221; text_font_size_last_edited=&#8221;off|desktop&#8221; header_font_size_tablet=&#8221;&#8221; header_font_size_phone=&#8221;60px&#8221; header_font_size_last_edited=&#8221;on|phone&#8221;]<\/p>\n<h1>Skontaktuj si\u0119 z nami!<\/h1>\n<p>[\/et_pb_text][\/et_pb_column][\/et_pb_row][\/et_pb_section][et_pb_section fb_built=&#8221;1&#8243; admin_label=&#8221;Reach Us Section&#8221; _builder_version=&#8221;4.0.3&#8243; background_color=&#8221;#e4e0dd&#8221; background_image=&#8221;https:\/\/kwiatyi.pl\/wp-content\/uploads\/2019\/11\/florist-16.jpg&#8221; background_size=&#8221;initial&#8221; min_height=&#8221;489px&#8221; custom_padding=&#8221;0px||25%|&#8221; background_color_phone=&#8221;#e4e0dd&#8221; background_last_edited=&#8221;on|phone&#8221; background_enable_color_phone=&#8221;on&#8221; background_enable_image_phone=&#8221;off&#8221; parallax_phone=&#8221;on&#8221;][et_pb_row column_structure=&#8221;1_3,1_3,1_3&#8243; admin_label=&#8221;Reach Us Area&#8221; _builder_version=&#8221;3.25&#8243; width=&#8221;100%&#8221; min_height=&#8221;706px&#8221; custom_margin=&#8221;|||&#8221; custom_padding=&#8221;0px|||||&#8221;][et_pb_column type=&#8221;1_3&#8243; _builder_version=&#8221;3.25&#8243; custom_padding=&#8221;|||&#8221; custom_padding__hover=&#8221;|||&#8221;][et_pb_blurb url=&#8221;https:\/\/www.google.com\/maps\/dir\/\/Kwiaciarnia+Kwiaty+i+&#8230;,+%C4%86mielowska+2,+03-127+Warszawa\/@52.3171495,20.9519145,15z\/data=!4m16!1m6!3m5!1s0x0:0x4c691c3d4692e7df!2sKwiaciarnia+Kwiaty+i+&#8230;!8m2!3d52.3171495!4d20.9519145!4m8!1m0!1m5!1m1!1s0x471ec9bd16ec735b:0x4c691c3d4692e7df!2m2!1d20.9519145!2d52.3171495!3e3&#8243; url_new_window=&#8221;on&#8221; image=&#8221;https:\/\/kwiatyi.pl\/wp-content\/uploads\/2019\/11\/c\u0301mielowska2-e1574285719649.jpg&#8221; content_max_width=&#8221;1100px&#8221; admin_label=&#8221;Address&#8221; _builder_version=&#8221;4.0.3&#8243; header_font=&#8221;|600|||||||&#8221; header_font_size=&#8221;16px&#8221; header_line_height=&#8221;1.8em&#8221; body_font=&#8221;||||||||&#8221; body_font_size=&#8221;16px&#8221; body_line_height=&#8221;1.8em&#8221; background_color=&#8221;rgba(255,255,255,0.66)&#8221; width=&#8221;94.6%&#8221; min_height=&#8221;436px&#8221; custom_margin=&#8221;0px|-86px||4px|false|false&#8221; custom_padding=&#8221;5px|5px|5px|5px|false|false&#8221; animation_style=&#8221;fold&#8221; animation_direction=&#8221;left&#8221; animation_intensity_fold=&#8221;20%&#8221; animation_starting_opacity=&#8221;100%&#8221; link_option_url=&#8221;https:\/\/www.google.com\/maps\/dir\/\/Kwiaciarnia+Kwiaty+i+&#8230;,+%C4%86mielowska+2,+03-127+Warszawa\/@52.3171495,20.9519145,15z\/data=!4m16!1m6!3m5!1s0x0:0x4c691c3d4692e7df!2sKwiaciarnia+Kwiaty+i+&#8230;!8m2!3d52.3171495!4d20.9519145!4m8!1m0!1m5!1m1!1s0x471ec9bd16ec735b:0x4c691c3d4692e7df!2m2!1d20.9519145!2d52.3171495!3e3&#8243; link_option_url_new_window=&#8221;on&#8221; border_radii=&#8221;on|3px|3px|3px|3px&#8221;]<\/p>\n<p><strong>Kwiaciarnia ,,Kwiaty i\u2026\u201d\u00a0 <br \/>Warszawa Tarchomin<br \/><\/strong><\/p>\n<p>pasa\u017c handlowy SPAR<\/p>\n<p>Ul. \u0106mielowska 2<\/p>\n<p>03-127 Warszawa<\/p>\n<p><span style=\"color: #e02b20;\"><strong>KWIACIARNIA ZAMKNI\u0118TA &#8211; SZUKAMY NOWEJ LOKALIZACJI!<\/strong><\/span><\/p>\n<p>Tel:<a href=\"tel:22 889 21 95\"> 22 889 21 95<\/a><\/p>\n<p>[\/et_pb_blurb][\/et_pb_column][et_pb_column type=&#8221;1_3&#8243; _builder_version=&#8221;4.0.3&#8243;][et_pb_blurb url=&#8221;https:\/\/www.google.com\/maps\/dir\/\/Galeria+Renova,+Rembieli%C5%84ska+20,+03-352+Warszawa\/@52.2893418,21.0282283,17z\/data=!4m16!1m6!3m5!1s0x471eceae18df00e7:0x968fdeb895e3684d!2sGaleria+Renova!8m2!3d52.2893385!4d21.0304223!4m8!1m0!1m5!1m1!1s0x471eceae18df00e7:0x968fdeb895e3684d!2m2!1d21.0304223!2d52.2893385!3e3&#8243; url_new_window=&#8221;on&#8221; image=&#8221;https:\/\/kwiatyi.pl\/wp-content\/uploads\/2019\/11\/renova.jpg&#8221; content_max_width=&#8221;1100px&#8221; admin_label=&#8221;Address&#8221; _builder_version=&#8221;4.0.3&#8243; header_font=&#8221;|600|||||||&#8221; header_font_size=&#8221;16px&#8221; header_line_height=&#8221;1.8em&#8221; body_font=&#8221;||||||||&#8221; body_font_size=&#8221;16px&#8221; body_line_height=&#8221;1.8em&#8221; background_color=&#8221;rgba(255,255,255,0.66)&#8221; width=&#8221;97.3%&#8221; min_height=&#8221;436px&#8221; custom_margin=&#8221;|-39px||5px|false|false&#8221; custom_padding=&#8221;5px|5px|5px|5px|false|false&#8221; animation_style=&#8221;fold&#8221; animation_direction=&#8221;left&#8221; animation_intensity_fold=&#8221;20%&#8221; animation_starting_opacity=&#8221;100%&#8221; link_option_url=&#8221;https:\/\/www.google.com\/maps\/dir\/\/Galeria+Renova,+Rembieli%C5%84ska+20,+03-352+Warszawa\/@52.2893418,21.0282283,17z\/data=!4m16!1m6!3m5!1s0x471eceae18df00e7:0x968fdeb895e3684d!2sGaleria+Renova!8m2!3d52.2893385!4d21.0304223!4m8!1m0!1m5!1m1!1s0x471eceae18df00e7:0x968fdeb895e3684d!2m2!1d21.0304223!2d52.2893385!3e3&#8243; link_option_url_new_window=&#8221;on&#8221; border_radii=&#8221;on|3px|3px|3px|3px&#8221;]<\/p>\n<p><strong>Kwiaciarnia ,,Kwiaty i&#8230;&#8221; <br \/>Warszawa Targ\u00f3wek<\/strong><\/p>\n<p style=\"font-weight: 400;\">Galeria Renova<\/p>\n<p style=\"font-weight: 400;\">Ul. Rembieli\u0144ska 20<\/p>\n<p style=\"font-weight: 400;\">03-352 Warszawa<\/p>\n<p style=\"font-weight: 400;\">Godziny otwarcia:<\/p>\n<p style=\"font-weight: 400;\">Pon-Pt: 10-20<\/p>\n<p style=\"font-weight: 400;\">Sob: 10-18<\/p>\n<p>Tel:\u00a0<a href=\"tel:22\u00a0678 02 03\"> 22\u00a0678 02 03<\/a><\/p>\n<p>[\/et_pb_blurb][\/et_pb_column][et_pb_column type=&#8221;1_3&#8243; _builder_version=&#8221;4.0.3&#8243;][et_pb_text _builder_version=&#8221;4.0.3&#8243; background_color=&#8221;rgba(255,255,255,0.66)&#8221; custom_margin=&#8221;|||5px|false|false&#8221; custom_padding=&#8221;5px|5px|5px|5px|false|false&#8221; border_radii=&#8221;on|3px|3px|3px|3px&#8221;]<\/p>\n<p style=\"font-weight: 400;\">E-mail:<span>\u00a0<\/span><a href=\"mailto:kontakt@localhost\">kontakt@kwiatyi.pl<\/a><\/p>\n<p style=\"font-weight: 400;\">Telefon: <a href=\"tel:501\u00a0092\u00a0183\">501\u00a0092\u00a0183<\/a><\/p>\n<p style=\"font-weight: 400;\">Instagram:<\/p>\n<p style=\"font-weight: 400;\"><a href=\"https:\/\/www.instagram.com\/kwiatyi.kwiaciarnia\/\" target=\"_blank\" rel=\"noopener noreferrer\">@kwiatyi.kwiaciarnia<\/a><\/p>\n<p style=\"font-weight: 400;\"><a href=\"https:\/\/www.instagram.com\/kwiatyi.slub\/\">@kwiatyi.slub<\/a><\/p>\n<p>[\/et_pb_text][\/et_pb_column][\/et_pb_row][\/et_pb_section][et_pb_section fb_built=&#8221;1&#8243; admin_label=&#8221;Contact Section&#8221; _builder_version=&#8221;3.22&#8243; custom_padding=&#8221;0px||110px|&#8221;][et_pb_row admin_label=&#8221;Title Area&#8221; module_id=&#8221;formularz&#8221; _builder_version=&#8221;4.0.3&#8243; locked=&#8221;off&#8221;][et_pb_column type=&#8221;4_4&#8243; _builder_version=&#8221;3.25&#8243; custom_padding=&#8221;|||&#8221; custom_padding__hover=&#8221;|||&#8221;][et_pb_text admin_label=&#8221;Title&#8221; _builder_version=&#8221;4.0.3&#8243; text_font=&#8221;||||||||&#8221; header_font=&#8221;||||||||&#8221; header_2_font=&#8221;Alice||||||||&#8221; header_2_text_align=&#8221;center&#8221; header_2_font_size=&#8221;42px&#8221; header_2_line_height=&#8221;1.3em&#8221; custom_margin=&#8221;||20px|&#8221; animation_style=&#8221;slide&#8221; animation_direction=&#8221;top&#8221; animation_intensity_slide=&#8221;30%&#8221; animation_starting_opacity=&#8221;100%&#8221;]<\/p>\n<h2>Zam\u00f3w kwiaty<\/h2>\n<p>[\/et_pb_text][et_pb_divider color=&#8221;#2a2a2a&#8221; divider_weight=&#8221;3px&#8221; _builder_version=&#8221;3.2&#8243; max_width=&#8221;50px&#8221; module_alignment=&#8221;center&#8221; custom_margin=&#8221;||10px|&#8221; animation_style=&#8221;slide&#8221; animation_direction=&#8221;top&#8221; animation_intensity_slide=&#8221;30%&#8221; animation_starting_opacity=&#8221;100%&#8221;][\/et_pb_divider][et_pb_text admin_label=&#8221;Subtitle&#8221; _builder_version=&#8221;4.0.3&#8243; text_font=&#8221;||||||||&#8221; text_font_size=&#8221;16px&#8221; text_line_height=&#8221;1.8em&#8221; text_orientation=&#8221;center&#8221; max_width=&#8221;700px&#8221; module_alignment=&#8221;center&#8221; animation_style=&#8221;slide&#8221; animation_direction=&#8221;top&#8221; animation_intensity_slide=&#8221;20%&#8221; animation_starting_opacity=&#8221;100%&#8221;]<\/p>\n<p>U nas zam\u00f3wisz swoj\u0105 wymarzon\u0105, niepowtarzaln\u0105 kompozycj\u0119 kwiatow\u0105. Skontaktuj si\u0119 <br \/>z nami, by om\u00f3wi\u0107 szczeg\u00f3\u0142y i pozna\u0107 wycen\u0119.<\/p>\n<p>[\/et_pb_text][\/et_pb_column][\/et_pb_row][et_pb_row _builder_version=&#8221;4.9.1&#8243; _module_preset=&#8221;default&#8221;][et_pb_column type=&#8221;4_4&#8243; _builder_version=&#8221;4.9.1&#8243; _module_preset=&#8221;default&#8221;][et_pb_contact_form captcha=&#8221;off&#8221; email=&#8221;kontakt@kwiatyi.pl&#8221; title=&#8221;NOWE ZAM\u00d3WIENIE&#8221; custom_message=&#8221;Imi\u0119: %%Name%%||et_pb_line_break_holder||Nazwisko: %%Surname%%||et_pb_line_break_holder||Email: %%Email%%||et_pb_line_break_holder||Telefon: %%telefon_2%%||et_pb_line_break_holder||Data realizacji: %%pa-date-time-picker%%||et_pb_line_break_holder||Okazja: %%okazja_2%%||et_pb_line_break_holder||Kwiaty bazowe: %%kwiaty_bazowe%%||et_pb_line_break_holder||Kolorystyka: %%kolory%%||et_pb_line_break_holder||Rodzaj kompozycji: %%forma%%||et_pb_line_break_holder||Dodatkowe informacje: %%informacje%%||et_pb_line_break_holder||Opcja dor\u0119czenia: %%dostawa%%||et_pb_line_break_holder||Nazwa firmy: %%firma%%||et_pb_line_break_holder||Ulica: %%ulica%%||et_pb_line_break_holder||Numer budynku: %%nr_budynku%%||et_pb_line_break_holder||Numer lokalu: %%nr_lokalu%%||et_pb_line_break_holder||Kod pocztowy: %%kod_pocztowy%%||et_pb_line_break_holder||Miejscowo\u015b\u0107: %%miejscowosc%%&#8221; success_message=&#8221;Dzi\u0119kujemy za wiadomo\u015b\u0107. Skontaktujemy si\u0119 z Tob\u0105 najszybciej jak to mo\u017cliwe w celu finalizacji zam\u00f3wienia.&#8221; submit_button_text=&#8221;wy\u015blij&#8221; module_id=&#8221;et_pb_contact_form_0&#8243; _builder_version=&#8221;4.9.1&#8243; form_background_color=&#8221;rgba(255,255,255,0)&#8221; button_text_color_hover=&#8221;#2a2a2a&#8221; button_bg_color_hover=&#8221;#e0c588&#8243; button_border_color_hover=&#8221;#e0c588&#8243; button_border_radius_hover=&#8221;30px&#8221; button_letter_spacing_hover=&#8221;2px&#8221;][et_pb_contact_field field_id=&#8221;Name&#8221; field_title=&#8221;Imi\u0119&#8221; _builder_version=&#8221;4.0.3&#8243; background_color=&#8221;rgba(0,0,0,0)&#8221; background_enable_color=&#8221;on&#8221; button_text_size__hover_enabled=&#8221;off&#8221; button_one_text_size__hover_enabled=&#8221;off&#8221; button_two_text_size__hover_enabled=&#8221;off&#8221; button_text_color__hover_enabled=&#8221;off&#8221; button_one_text_color__hover_enabled=&#8221;off&#8221; button_two_text_color__hover_enabled=&#8221;off&#8221; button_border_width__hover_enabled=&#8221;off&#8221; button_one_border_width__hover_enabled=&#8221;off&#8221; button_two_border_width__hover_enabled=&#8221;off&#8221; button_border_color__hover_enabled=&#8221;off&#8221; button_one_border_color__hover_enabled=&#8221;off&#8221; button_two_border_color__hover_enabled=&#8221;off&#8221; button_border_radius__hover_enabled=&#8221;off&#8221; button_one_border_radius__hover_enabled=&#8221;off&#8221; button_two_border_radius__hover_enabled=&#8221;off&#8221; button_letter_spacing__hover_enabled=&#8221;off&#8221; button_one_letter_spacing__hover_enabled=&#8221;off&#8221; button_two_letter_spacing__hover_enabled=&#8221;off&#8221; button_bg_color__hover_enabled=&#8221;off&#8221; button_one_bg_color__hover_enabled=&#8221;off&#8221; button_two_bg_color__hover_enabled=&#8221;off&#8221;][\/et_pb_contact_field][et_pb_contact_field field_id=&#8221;Surname&#8221; field_title=&#8221;Nazwisko&#8221; _builder_version=&#8221;4.9.1&#8243; background_color=&#8221;rgba(0,0,0,0)&#8221; background_enable_color=&#8221;on&#8221; button_text_size__hover_enabled=&#8221;off&#8221; button_one_text_size__hover_enabled=&#8221;off&#8221; button_two_text_size__hover_enabled=&#8221;off&#8221; button_text_color__hover_enabled=&#8221;off&#8221; button_one_text_color__hover_enabled=&#8221;off&#8221; button_two_text_color__hover_enabled=&#8221;off&#8221; button_border_width__hover_enabled=&#8221;off&#8221; button_one_border_width__hover_enabled=&#8221;off&#8221; button_two_border_width__hover_enabled=&#8221;off&#8221; button_border_color__hover_enabled=&#8221;off&#8221; button_one_border_color__hover_enabled=&#8221;off&#8221; button_two_border_color__hover_enabled=&#8221;off&#8221; button_border_radius__hover_enabled=&#8221;off&#8221; button_one_border_radius__hover_enabled=&#8221;off&#8221; button_two_border_radius__hover_enabled=&#8221;off&#8221; button_letter_spacing__hover_enabled=&#8221;off&#8221; button_one_letter_spacing__hover_enabled=&#8221;off&#8221; button_two_letter_spacing__hover_enabled=&#8221;off&#8221; button_bg_color__hover_enabled=&#8221;off&#8221; button_one_bg_color__hover_enabled=&#8221;off&#8221; button_two_bg_color__hover_enabled=&#8221;off&#8221;][\/et_pb_contact_field][et_pb_contact_field field_id=&#8221;Email&#8221; field_title=&#8221;E-mail&#8221; field_type=&#8221;email&#8221; _builder_version=&#8221;4.9.1&#8243; button_text_size__hover_enabled=&#8221;off&#8221; button_one_text_size__hover_enabled=&#8221;off&#8221; button_two_text_size__hover_enabled=&#8221;off&#8221; button_text_color__hover_enabled=&#8221;off&#8221; button_one_text_color__hover_enabled=&#8221;off&#8221; button_two_text_color__hover_enabled=&#8221;off&#8221; button_border_width__hover_enabled=&#8221;off&#8221; button_one_border_width__hover_enabled=&#8221;off&#8221; button_two_border_width__hover_enabled=&#8221;off&#8221; button_border_color__hover_enabled=&#8221;off&#8221; button_one_border_color__hover_enabled=&#8221;off&#8221; button_two_border_color__hover_enabled=&#8221;off&#8221; button_border_radius__hover_enabled=&#8221;off&#8221; button_one_border_radius__hover_enabled=&#8221;off&#8221; button_two_border_radius__hover_enabled=&#8221;off&#8221; button_letter_spacing__hover_enabled=&#8221;off&#8221; button_one_letter_spacing__hover_enabled=&#8221;off&#8221; button_two_letter_spacing__hover_enabled=&#8221;off&#8221; button_bg_color__hover_enabled=&#8221;off&#8221; button_one_bg_color__hover_enabled=&#8221;off&#8221; button_two_bg_color__hover_enabled=&#8221;off&#8221;][\/et_pb_contact_field][et_pb_contact_field field_id=&#8221;telefon_2&#8243; field_title=&#8221;Telefon&#8221; allowed_symbols=&#8221;numbers&#8221; required_mark=&#8221;off&#8221; _builder_version=&#8221;4.9.1&#8243; button_text_size__hover_enabled=&#8221;off&#8221; button_one_text_size__hover_enabled=&#8221;off&#8221; button_two_text_size__hover_enabled=&#8221;off&#8221; button_text_color__hover_enabled=&#8221;off&#8221; button_one_text_color__hover_enabled=&#8221;off&#8221; button_two_text_color__hover_enabled=&#8221;off&#8221; button_border_width__hover_enabled=&#8221;off&#8221; button_one_border_width__hover_enabled=&#8221;off&#8221; button_two_border_width__hover_enabled=&#8221;off&#8221; button_border_color__hover_enabled=&#8221;off&#8221; button_one_border_color__hover_enabled=&#8221;off&#8221; button_two_border_color__hover_enabled=&#8221;off&#8221; button_border_radius__hover_enabled=&#8221;off&#8221; button_one_border_radius__hover_enabled=&#8221;off&#8221; button_two_border_radius__hover_enabled=&#8221;off&#8221; button_letter_spacing__hover_enabled=&#8221;off&#8221; button_one_letter_spacing__hover_enabled=&#8221;off&#8221; button_two_letter_spacing__hover_enabled=&#8221;off&#8221; button_bg_color__hover_enabled=&#8221;off&#8221; button_one_bg_color__hover_enabled=&#8221;off&#8221; button_two_bg_color__hover_enabled=&#8221;off&#8221;][\/et_pb_contact_field][et_pb_contact_field field_id=&#8221;pa-date-time-picker&#8221; field_title=&#8221;Data realizacji&#8221; _builder_version=&#8221;4.9.1&#8243; _module_preset=&#8221;default&#8221;][\/et_pb_contact_field][et_pb_contact_field field_id=&#8221;okazja_2&#8243; field_title=&#8221;Okazja&#8221; required_mark=&#8221;off&#8221; _builder_version=&#8221;4.9.1&#8243; button_text_size__hover_enabled=&#8221;off&#8221; button_one_text_size__hover_enabled=&#8221;off&#8221; button_two_text_size__hover_enabled=&#8221;off&#8221; button_text_color__hover_enabled=&#8221;off&#8221; button_one_text_color__hover_enabled=&#8221;off&#8221; button_two_text_color__hover_enabled=&#8221;off&#8221; button_border_width__hover_enabled=&#8221;off&#8221; button_one_border_width__hover_enabled=&#8221;off&#8221; button_two_border_width__hover_enabled=&#8221;off&#8221; button_border_color__hover_enabled=&#8221;off&#8221; button_one_border_color__hover_enabled=&#8221;off&#8221; button_two_border_color__hover_enabled=&#8221;off&#8221; button_border_radius__hover_enabled=&#8221;off&#8221; button_one_border_radius__hover_enabled=&#8221;off&#8221; button_two_border_radius__hover_enabled=&#8221;off&#8221; button_letter_spacing__hover_enabled=&#8221;off&#8221; button_one_letter_spacing__hover_enabled=&#8221;off&#8221; button_two_letter_spacing__hover_enabled=&#8221;off&#8221; button_bg_color__hover_enabled=&#8221;off&#8221; button_one_bg_color__hover_enabled=&#8221;off&#8221; button_two_bg_color__hover_enabled=&#8221;off&#8221;][\/et_pb_contact_field][et_pb_contact_field field_id=&#8221;kwiaty_bazowe&#8221; field_title=&#8221;Kwiaty bazowe&#8221; field_type=&#8221;select&#8221; select_options=&#8221;%91{%22value%22:%22tulipany%22,%22checked%22:0,%22dragID%22:-1},{%22value%22:%22r\u00f3\u017ce%22,%22checked%22:0,%22dragID%22:0},{%22dragID%22:1,%22value%22:%22lilie%22,%22checked%22:0},{%22value%22:%22go\u017adziki%22,%22checked%22:0,%22dragID%22:2},{%22value%22:%22eustoma%22,%22checked%22:0,%22dragID%22:3},{%22value%22:%22gerbera%22,%22checked%22:0,%22dragID%22:4},{%22value%22:%22inne (wpisz w polu %92%22dodatkowe informacje%92%22)%22,%22checked%22:0,%22dragID%22:5}%93&#8243; required_mark=&#8221;off&#8221; _builder_version=&#8221;4.9.1&#8243; background_color=&#8221;rgba(0,0,0,0)&#8221; background_enable_color=&#8221;on&#8221; button_text_size__hover_enabled=&#8221;off&#8221; button_one_text_size__hover_enabled=&#8221;off&#8221; button_two_text_size__hover_enabled=&#8221;off&#8221; button_text_color__hover_enabled=&#8221;off&#8221; button_one_text_color__hover_enabled=&#8221;off&#8221; button_two_text_color__hover_enabled=&#8221;off&#8221; button_border_width__hover_enabled=&#8221;off&#8221; button_one_border_width__hover_enabled=&#8221;off&#8221; button_two_border_width__hover_enabled=&#8221;off&#8221; button_border_color__hover_enabled=&#8221;off&#8221; button_one_border_color__hover_enabled=&#8221;off&#8221; button_two_border_color__hover_enabled=&#8221;off&#8221; button_border_radius__hover_enabled=&#8221;off&#8221; button_one_border_radius__hover_enabled=&#8221;off&#8221; button_two_border_radius__hover_enabled=&#8221;off&#8221; button_letter_spacing__hover_enabled=&#8221;off&#8221; button_one_letter_spacing__hover_enabled=&#8221;off&#8221; button_two_letter_spacing__hover_enabled=&#8221;off&#8221; button_bg_color__hover_enabled=&#8221;off&#8221; button_one_bg_color__hover_enabled=&#8221;off&#8221; button_two_bg_color__hover_enabled=&#8221;off&#8221;][\/et_pb_contact_field][et_pb_contact_field field_id=&#8221;kolory&#8221; field_title=&#8221;Paleta kolorystyczna&#8221; required_mark=&#8221;off&#8221; _builder_version=&#8221;4.9.1&#8243; button_text_size__hover_enabled=&#8221;off&#8221; button_one_text_size__hover_enabled=&#8221;off&#8221; button_two_text_size__hover_enabled=&#8221;off&#8221; button_text_color__hover_enabled=&#8221;off&#8221; button_one_text_color__hover_enabled=&#8221;off&#8221; button_two_text_color__hover_enabled=&#8221;off&#8221; button_border_width__hover_enabled=&#8221;off&#8221; button_one_border_width__hover_enabled=&#8221;off&#8221; button_two_border_width__hover_enabled=&#8221;off&#8221; button_border_color__hover_enabled=&#8221;off&#8221; button_one_border_color__hover_enabled=&#8221;off&#8221; button_two_border_color__hover_enabled=&#8221;off&#8221; button_border_radius__hover_enabled=&#8221;off&#8221; button_one_border_radius__hover_enabled=&#8221;off&#8221; button_two_border_radius__hover_enabled=&#8221;off&#8221; button_letter_spacing__hover_enabled=&#8221;off&#8221; button_one_letter_spacing__hover_enabled=&#8221;off&#8221; button_two_letter_spacing__hover_enabled=&#8221;off&#8221; button_bg_color__hover_enabled=&#8221;off&#8221; button_one_bg_color__hover_enabled=&#8221;off&#8221; button_two_bg_color__hover_enabled=&#8221;off&#8221;][\/et_pb_contact_field][et_pb_contact_field field_id=&#8221;forma&#8221; field_title=&#8221;Rodzaj kompozycji&#8221; field_type=&#8221;select&#8221; select_options=&#8221;%91{%22value%22:%22bukiet%22,%22checked%22:0,%22dragID%22:-1},{%22value%22:%22kompozycja w koszu%22,%22checked%22:0,%22dragID%22:0},{%22value%22:%22kompozycja w naczyniu%22,%22checked%22:0,%22dragID%22:1},{%22value%22:%22kompozycja w pude\u0142ku%22,%22checked%22:0,%22dragID%22:2}%93&#8243; required_mark=&#8221;off&#8221; fullwidth_field=&#8221;on&#8221; _builder_version=&#8221;4.9.1&#8243;][\/et_pb_contact_field][et_pb_contact_field field_id=&#8221;informacje&#8221; field_title=&#8221;Dodatkowe informacje&#8221; required_mark=&#8221;off&#8221; fullwidth_field=&#8221;on&#8221; _builder_version=&#8221;4.9.1&#8243;][\/et_pb_contact_field][et_pb_contact_field field_id=&#8221;dostawa&#8221; field_title=&#8221;Opcje dor\u0119czenia&#8221; field_type=&#8221;checkbox&#8221; checkbox_options=&#8221;%91{%22value%22:%22Odbi\u00f3r osobisty, Kwiaciarnia Warszawa Bia\u0142o\u0142\u0119ka ul. \u0106mielowska 2%22,%22checked%22:0,%22dragID%22:-1},{%22value%22:%22Odbi\u00f3r osobisty, Kwiaciarnia Warszawa Targ\u00f3wek, Galeria Renova, ul. Rembieli\u0144ska 20%22,%22checked%22:0,%22dragID%22:0},{%22value%22:%22Dostawa pod wskazany adres%22,%22checked%22:0,%22dragID%22:1}%93&#8243; fullwidth_field=&#8221;on&#8221; _builder_version=&#8221;4.9.1&#8243; _module_preset=&#8221;default&#8221;][\/et_pb_contact_field][et_pb_contact_field field_id=&#8221;firma&#8221; field_title=&#8221;Nazwa firmy (opcjonalnie)&#8221; required_mark=&#8221;off&#8221; fullwidth_field=&#8221;on&#8221; conditional_logic=&#8221;on&#8221; conditional_logic_rules=&#8221;%91{%22field%22:%22dostawa%22,%22condition%22:%22is%22,%22value%22:%22Dostawa pod wskazany adres%22}%93&#8243; _builder_version=&#8221;4.9.1&#8243; _module_preset=&#8221;default&#8221;][\/et_pb_contact_field][et_pb_contact_field field_id=&#8221;ulica&#8221; field_title=&#8221;Ulica&#8221; fullwidth_field=&#8221;on&#8221; conditional_logic=&#8221;on&#8221; conditional_logic_rules=&#8221;%91{%22field%22:%22dostawa%22,%22condition%22:%22is%22,%22value%22:%22Dostawa pod wskazany adres%22}%93&#8243; _builder_version=&#8221;4.9.1&#8243; _module_preset=&#8221;default&#8221;][\/et_pb_contact_field][et_pb_contact_field field_id=&#8221;nr_budynku&#8221; field_title=&#8221;Numer budynku&#8221; conditional_logic=&#8221;on&#8221; conditional_logic_rules=&#8221;%91{%22field%22:%22dostawa%22,%22condition%22:%22is%22,%22value%22:%22Dostawa pod wskazany adres%22}%93&#8243; _builder_version=&#8221;4.9.1&#8243; _module_preset=&#8221;default&#8221;][\/et_pb_contact_field][et_pb_contact_field field_id=&#8221;nr_lokalu&#8221; field_title=&#8221;Numer lokalu (opcjonalne)&#8221; required_mark=&#8221;off&#8221; conditional_logic=&#8221;on&#8221; conditional_logic_rules=&#8221;%91{%22field%22:%22dostawa%22,%22condition%22:%22is%22,%22value%22:%22Dostawa pod wskazany adres%22}%93&#8243; _builder_version=&#8221;4.9.1&#8243; _module_preset=&#8221;default&#8221;][\/et_pb_contact_field][et_pb_contact_field field_id=&#8221;kod_pocztowy&#8221; field_title=&#8221;Kod pocztowy&#8221; conditional_logic=&#8221;on&#8221; conditional_logic_rules=&#8221;%91{%22field%22:%22dostawa%22,%22condition%22:%22is%22,%22value%22:%22Dostawa pod wskazany adres%22}%93&#8243; _builder_version=&#8221;4.9.1&#8243; _module_preset=&#8221;default&#8221;][\/et_pb_contact_field][et_pb_contact_field field_id=&#8221;miejscowosc&#8221; field_title=&#8221;Miejscowo\u015b\u0107&#8221; conditional_logic=&#8221;on&#8221; conditional_logic_rules=&#8221;%91{%22field%22:%22dostawa%22,%22condition%22:%22is%22,%22value%22:%22Dostawa pod wskazany adres%22}%93&#8243; _builder_version=&#8221;4.9.1&#8243; _module_preset=&#8221;default&#8221;][\/et_pb_contact_field][\/et_pb_contact_form][\/et_pb_column][\/et_pb_row][\/et_pb_section]<\/p>\n","protected":false},"excerpt":{"rendered":"<p>Skontaktuj si\u0119 z nami!Kwiaciarnia ,,Kwiaty i\u2026\u201d\u00a0 Warszawa Tarchomin pasa\u017c handlowy SPAR Ul. \u0106mielowska 2 03-127 Warszawa KWIACIARNIA ZAMKNI\u0118TA &#8211; SZUKAMY NOWEJ LOKALIZACJI! Tel: 22 889 21 95Kwiaciarnia ,,Kwiaty i&#8230;&#8221; Warszawa Targ\u00f3wek Galeria Renova Ul. Rembieli\u0144ska 20 03-352 Warszawa Godziny otwarcia: Pon-Pt: 10-20 Sob: 10-18 Tel:\u00a0 22\u00a0678 02 03E-mail:\u00a0kontakt@kwiatyi.pl Telefon: 501\u00a0092\u00a0183 Instagram: @kwiatyi.kwiaciarnia @kwiatyi.slubZam\u00f3w kwiatyU nas [&hellip;]<\/p>\n","protected":false},"author":1,"featured_media":0,"parent":0,"menu_order":0,"comment_status":"closed","ping_status":"closed","template":"","meta":{"_et_pb_use_builder":"on","_et_pb_old_content":"","_et_gb_content_width":""},"_links":{"self":[{"href":"https:\/\/kwiatyi.pl\/index.php\/wp-json\/wp\/v2\/pages\/172"}],"collection":[{"href":"https:\/\/kwiatyi.pl\/index.php\/wp-json\/wp\/v2\/pages"}],"about":[{"href":"https:\/\/kwiatyi.pl\/index.php\/wp-json\/wp\/v2\/types\/page"}],"author":[{"embeddable":true,"href":"https:\/\/kwiatyi.pl\/index.php\/wp-json\/wp\/v2\/users\/1"}],"replies":[{"embeddable":true,"href":"https:\/\/kwiatyi.pl\/index.php\/wp-json\/wp\/v2\/comments?post=172"}],"version-history":[{"count":0,"href":"https:\/\/kwiatyi.pl\/index.php\/wp-json\/wp\/v2\/pages\/172\/revisions"}],"wp:attachment":[{"href":"https:\/\/kwiatyi.pl\/index.php\/wp-json\/wp\/v2\/media?parent=172"}],"curies":[{"name":"wp","href":"https:\/\/api.w.org\/{rel}","templated":true}]}}